{"id":225,"date":"2016-06-29T22:08:23","date_gmt":"2016-06-29T22:08:23","guid":{"rendered":"http:\/\/beta.unitedthemes.com\/brooklyn\/?page_id=225"},"modified":"2022-12-22T13:50:03","modified_gmt":"2022-12-22T12:50:03","slug":"qui-sommes-nous","status":"publish","type":"page","link":"https:\/\/paul-lagrenee.com\/index.php\/home\/qui-sommes-nous\/","title":{"rendered":"Qui sommes-nous ?"},"content":{"rendered":"<p>[vc_section][vc_row equal_height=\u00a0\u00bbyes\u00a0\u00bb css=\u00a0\u00bb.vc_custom_1670083997426{margin-bottom: 80px !important;}\u00a0\u00bb][vc_column][vc_column_text]Paul Lagrenee est un Artisan \u00e0 Toulouse.\u00a0 Une soci\u00e9t\u00e9 bas\u00e9e \u00e0 Muret (31600) et qui r\u00e9alise diff\u00e9rents types de chantiers \u00e0 Toulouse et dans toute les villes de la m\u00e9tropole toulousaine : Blagnac, Colomiers, Muret, Castanet-Tolosan, Ramonville Saint-Agne, Lab\u00e8ge, Balma, l&rsquo;Union, Aucamville, Martres Tolosane, etc.<\/p>\n<p>Notre entreprise fond\u00e9es en 2000 r\u00e9alise plusieurs centaines de chantiers par an en Haute-garonne. Nous sommes experts dans 3 secteurs\u00a0 :[\/vc_column_text][vc_custom_heading text=\u00a0\u00bbPaul Lagrenee\u00a0\u00bb font_container=\u00a0\u00bbtag:h3|font_size:18px|text_align:left\u00a0\u00bb google_fonts=\u00a0\u00bbfont_family:Yellowtail%3Aregular|font_style:400%20regular%3A400%3Anormal\u00a0\u00bb text_transform=\u00a0\u00bbnone\u00a0\u00bb][\/vc_column][\/vc_row][vc_row equal_height=\u00a0\u00bbyes\u00a0\u00bb css=\u00a0\u00bb.vc_custom_1670083997426{margin-bottom: 80px !important;}\u00a0\u00bb][vc_column width=\u00a0\u00bb1\/2&Prime;][vc_column_text]Paul Lagrenee est un Artisan \u00e0 Toulouse.\u00a0 Une soci\u00e9t\u00e9 bas\u00e9e \u00e0 Muret (31600) et qui r\u00e9alise diff\u00e9rents types de chantiers \u00e0 Toulouse et dans toute les villes de la m\u00e9tropole toulousaine : Blagnac, Colomiers, Muret, Castanet-Tolosan, Ramonville Saint-Agne, Lab\u00e8ge, Balma, l&rsquo;Union, Aucamville, Martres Tolosane, etc.<\/p>\n<p>Notre entreprise fond\u00e9es en 2000 r\u00e9alise plusieurs centaines de chantiers par an en Haute-garonne. Nous sommes experts dans 3 secteurs\u00a0 :[\/vc_column_text][vc_column_text]<\/p>\n<h2>Toiture et l&rsquo;isolation.<\/h2>\n<p>Notre entreprise r\u00e9alise vos chantiers de remaniement de tuiles, r\u00e9pare vos fa\u00eetages, chenaux, planches de rives, aluminium et zinguerie. Nous r\u00e9alisons \u00e9galement vos travaux de nettoyage antimousse.<\/p>\n<p>En mati\u00e8re d&rsquo;isolation, nous r\u00e9alisons les isolations de combles, nous r\u00e9parons les velux d\u00e9fectueux et nous traitons vos probl\u00e8mes d&rsquo;humidit\u00e9.[\/vc_column_text][vc_custom_heading text=\u00a0\u00bbPaul Lagrenee\u00a0\u00bb font_container=\u00a0\u00bbtag:h3|font_size:18px|text_align:left\u00a0\u00bb google_fonts=\u00a0\u00bbfont_family:Yellowtail%3Aregular|font_style:400%20regular%3A400%3Anormal\u00a0\u00bb text_transform=\u00a0\u00bbnone\u00a0\u00bb][\/vc_column][vc_column width=\u00a0\u00bb1\/2&Prime;]<div  class=\"wpb_content_element   clearfix\"><style type=\"text\/css\">#ut_am_69e1d17a0a4e3 { opacity: 1; }#ut_am_wrap_69e1d17a0a4e4 .ut-image-gallery-item-caption-title h3 { letter-spacing: 0em; }#ut_am_wrap_69e1d17a0a4e4 .ut-gallery-slider-caption { color: #999999; }#ut_am_wrap_69e1d17a0a4e4 .ut-gallery-slider-caption { font-weight: normal; }#ut_am_wrap_69e1d17a0a4e4 { text-align: right; }@media (min-width: 768px) and (max-width: 1024px) { #ut_am_wrap_69e1d17a0a4e4 { text-align: right !important; } }@media (max-width: 767px) { #ut_am_wrap_69e1d17a0a4e4 { text-align: center !important; } }<\/style><div id=\"ut_am_wrap_69e1d17a0a4e4\" class=\"ut-image-gallery-image \"><div id=\"ut_reveal_69e1d17a0a4e5\"  data-appear-top-offset=\"auto\" class=\"ut-animated-image-item ut-image-gallery-item ut-animation-done \"><a class=\"ut-deactivated-link\" href=\"#\"><div class=\"ut-animated-image-zoom\"><img loading=\"lazy\" decoding=\"async\" class=\"ut-lazy skip-lazy ut-animated-image \"  id=\"ut_am_69e1d17a0a4e3\" src=\"data:image\/svg+xml;charset=utf-8,%3Csvg xmlns%3D'http%3A%2F%2Fwww.w3.org%2F2000%2Fsvg' viewBox%3D'0 0 1180 787'%2F%3E\" data-src=\"https:\/\/paul-lagrenee.com\/wp-content\/uploads\/2022\/12\/pexels-tima-miroshnichenko-6474193-1-1300x867.jpg\" width=\"1180\" height=\"787\" alt=\"paul lagrenee peinture ma\u00e7onnerie isolation\"\/><\/div><\/a><\/div><\/div><\/div>[\/vc_column][\/vc_row][vc_row css=\u00a0\u00bb.vc_custom_1467568839237{margin-bottom: 80px !important;}\u00a0\u00bb][vc_column width=\u00a0\u00bb1\/2&Prime;]<div  class=\"wpb_content_element   clearfix\"><style type=\"text\/css\">#ut_am_69e1d17a0a7fc { opacity: 1; }#ut_am_wrap_69e1d17a0a7fd .ut-image-gallery-item-caption-title h3 { letter-spacing: 0em; }#ut_am_wrap_69e1d17a0a7fd .ut-gallery-slider-caption { font-weight: bold; }#ut_am_wrap_69e1d17a0a7fd { text-align: center; }@media (min-width: 768px) and (max-width: 1024px) { #ut_am_wrap_69e1d17a0a7fd { text-align: center !important; } }@media (max-width: 767px) { #ut_am_wrap_69e1d17a0a7fd { text-align: center !important; } }<\/style><div id=\"ut_am_wrap_69e1d17a0a7fd\" class=\"ut-image-gallery-image \"><div id=\"ut_reveal_69e1d17a0a7fe\"  data-appear-top-offset=\"auto\" class=\"ut-animated-image-item ut-image-gallery-item ut-animation-done \"><a class=\"ut-deactivated-link\" href=\"#\"><div class=\"ut-animated-image-zoom\"><img loading=\"lazy\" decoding=\"async\" class=\"ut-lazy skip-lazy ut-animated-image \"  id=\"ut_am_69e1d17a0a7fc\" src=\"data:image\/svg+xml;charset=utf-8,%3Csvg xmlns%3D'http%3A%2F%2Fwww.w3.org%2F2000%2Fsvg' viewBox%3D'0 0 1200 800'%2F%3E\" data-src=\"https:\/\/paul-lagrenee.com\/wp-content\/uploads\/2022\/12\/pexels-antoni-shkraba-5493661.jpg\" width=\"1200\" height=\"800\" alt=\"paul lagrenee artisan toulouse isolation\"\/><\/div><\/a><\/div><\/div><\/div>[\/vc_column][vc_column width=\u00a0\u00bb1\/2&Prime;]<div class=\"wpb_content_element \"><style type=\"text\/css\">#ut_header_69e1d17a0ab7a h2.section-title { font-size:24px !important; }<\/style><header id=\"ut_header_69e1d17a0ab7a\" class=\"section-header  ut-no-title-linebreak-mobile ut-no-lead-linebreak-mobile pt-style-2 header-left header-tablet-left header-mobile-center\"><h2 data-title=\"Peinture et pl\u00e2tre\"  data-responsive-font=\"section_title\" data-responsive-font-settings=\"{&quot;base-font-size&quot;:&quot;24&quot;,&quot;font-size-unit&quot;:&quot;px&quot;,&quot;font-size&quot;:{&quot;desktop_large&quot;:&quot;24&quot;},&quot;base-line-height&quot;:&quot;global&quot;,&quot;base-letter-spacing&quot;:&quot;global&quot;}\" class=\"section-title  \"><span>Peinture et pl\u00e2tre<\/span><\/h2><div data-delay=\"0\" class=\"lead \"><p>German virtues brought to success.<\/p>\n<\/div><\/header><\/div>[vc_column_text]Peinture de fa\u00e7ade, peinture d&rsquo;int\u00e9rieur, boiserie, ferronerie , nous avons d\u00e9velopp\u00e9 en 20 ans une expertise en peinture du b\u00e2timent dans sa globalit\u00e9. Pour le bien de vos chantiers de r\u00e9novation d&rsquo;int\u00e9rieur nous r\u00e9alisons \u00e9galement vos travaux de platrier : placo pl\u00e2tre, jointure, pon\u00e7age.[\/vc_column_text][\/vc_column][\/vc_row][vc_row css=\u00a0\u00bb.vc_custom_1467568839237{margin-bottom: 80px !important;}\u00a0\u00bb][vc_column width=\u00a0\u00bb1\/2&Prime;]<div class=\"wpb_content_element \"><style type=\"text\/css\">#ut_header_69e1d17a0cd7d h2.section-title { font-size:24px !important; }<\/style><header id=\"ut_header_69e1d17a0cd7d\" class=\"section-header  ut-no-title-linebreak-mobile ut-no-lead-linebreak-mobile pt-style-2 header-left header-tablet-left header-mobile-center\"><h2 data-title=\"Ma\u00e7onnerie\"  data-responsive-font=\"section_title\" data-responsive-font-settings=\"{&quot;base-font-size&quot;:&quot;24&quot;,&quot;font-size-unit&quot;:&quot;px&quot;,&quot;font-size&quot;:{&quot;desktop_large&quot;:&quot;24&quot;},&quot;base-line-height&quot;:&quot;global&quot;,&quot;base-letter-spacing&quot;:&quot;global&quot;}\" class=\"section-title  \"><span>Ma\u00e7onnerie<\/span><\/h2><div data-delay=\"0\" class=\"lead \"><p>A family business since 1870.<\/p>\n<\/div><\/header><\/div>[vc_column_text]Envie de cr\u00e9er une murette ou un abri de jardin ? Travaux de d\u00e9molition en ext\u00e9rieur ou d\u00e9molition d&rsquo;abris, nous sommes capables de r\u00e9pondre \u00e0 vos petits besoins en ma\u00e7onnerie et d\u00e9molition.[\/vc_column_text][\/vc_column][vc_column width=\u00a0\u00bb1\/2&Prime;]<div  class=\"wpb_content_element   clearfix\"><style type=\"text\/css\">#ut_am_69e1d17a0d451 { opacity: 1; }#ut_am_wrap_69e1d17a0d452 .ut-image-gallery-item-caption-title h3 { letter-spacing: 0em; }#ut_am_wrap_69e1d17a0d452 .ut-gallery-slider-caption { font-weight: bold; }#ut_am_wrap_69e1d17a0d452 { text-align: center; }@media (min-width: 768px) and (max-width: 1024px) { #ut_am_wrap_69e1d17a0d452 { text-align: center !important; } }@media (max-width: 767px) { #ut_am_wrap_69e1d17a0d452 { text-align: center !important; } }<\/style><div id=\"ut_am_wrap_69e1d17a0d452\" class=\"ut-image-gallery-image \"><div id=\"ut_reveal_69e1d17a0d453\"  data-appear-top-offset=\"auto\" class=\"ut-animated-image-item ut-image-gallery-item ut-animation-done \"><a class=\"ut-deactivated-link\" href=\"#\"><div class=\"ut-animated-image-zoom\"><img loading=\"lazy\" decoding=\"async\" class=\"ut-lazy skip-lazy ut-animated-image \"  id=\"ut_am_69e1d17a0d451\" src=\"data:image\/svg+xml;charset=utf-8,%3Csvg xmlns%3D'http%3A%2F%2Fwww.w3.org%2F2000%2Fsvg' viewBox%3D'0 0 2378 1585'%2F%3E\" data-src=\"https:\/\/paul-lagrenee.com\/wp-content\/uploads\/2022\/12\/pexels-mikael-blomkvist-8961703-1.jpg\" width=\"2378\" height=\"1585\" alt=\"ma\u00e7onnerie paul lagrenee artisan\"\/><\/div><\/a><\/div><\/div><\/div>[\/vc_column][\/vc_row][vc_row][vc_column]<div  class=\"wpb_content_element   clearfix\"><style type=\"text\/css\">#ut_am_69e1d17a0d784 { opacity: 1; }#ut_am_wrap_69e1d17a0d785 .ut-image-gallery-item-caption-title h3 { letter-spacing: 0em; }#ut_am_wrap_69e1d17a0d785 .ut-gallery-slider-caption { font-weight: bold; }#ut_am_wrap_69e1d17a0d785 { text-align: center; }@media (min-width: 768px) and (max-width: 1024px) { #ut_am_wrap_69e1d17a0d785 { text-align: center !important; } }@media (max-width: 767px) { #ut_am_wrap_69e1d17a0d785 { text-align: center !important; } }<\/style><div id=\"ut_am_wrap_69e1d17a0d785\" class=\"ut-image-gallery-image \"><div id=\"ut_reveal_69e1d17a0d786\"  data-appear-top-offset=\"auto\" class=\"ut-animated-image-item ut-image-gallery-item ut-animation-done \"><a class=\"ut-deactivated-link\" href=\"#\"><div class=\"ut-animated-image-zoom\"><img loading=\"lazy\" decoding=\"async\" class=\"ut-lazy skip-lazy ut-animated-image \"  id=\"ut_am_69e1d17a0d784\" src=\"data:image\/svg+xml;charset=utf-8,%3Csvg xmlns%3D'http%3A%2F%2Fwww.w3.org%2F2000%2Fsvg' viewBox%3D'0 0 700 700'%2F%3E\" data-src=\"https:\/\/paul-lagrenee.com\/wp-content\/uploads\/2022\/12\/700x700-logo-noir.png\" width=\"700\" height=\"700\" alt=\"logo paul lagrenee noir\"\/><\/div><\/a><\/div><\/div><\/div>[\/vc_column][\/vc_row][\/vc_section]<\/p>\n","protected":false},"excerpt":{"rendered":"<p>[vc_section][vc_row equal_height=\u00a0\u00bbyes\u00a0\u00bb css=\u00a0\u00bb.vc_custom_1670083997426{margin-bottom: 80px !important;}\u00a0\u00bb][vc_column][vc_column_text]Paul Lagrenee est un Artisan \u00e0 Toulouse.\u00a0 Une soci\u00e9t\u00e9 bas\u00e9e \u00e0 Muret (31600) et qui r\u00e9alise diff\u00e9rents types de chantiers \u00e0 Toulouse et dans toute les villes de la m\u00e9tropole toulousaine : Blagnac, Colomiers, Muret, Castanet-Tolosan, Ramonville Saint-Agne, Lab\u00e8ge, Balma, l&rsquo;Union, Aucamville, Martres Tolosane, etc. Notre entreprise fond\u00e9es en 2000 r\u00e9alise [&hellip;]<\/p>\n","protected":false},"author":1,"featured_media":7,"parent":69,"menu_order":0,"comment_status":"closed","ping_status":"closed","template":"","meta":{"footnotes":""},"class_list":["post-225","page","type-page","status-publish","has-post-thumbnail","hentry"],"yoast_head":"<!-- This site is optimized with the Yoast SEO plugin v19.13 - https:\/\/yoast.com\/wordpress\/plugins\/seo\/ -->\n<title>Qui sommes-nous ? - Paul Lagrenee Artisan<\/title>\n<meta name=\"description\" content=\"Paul Lagrenee Artisan est une soci\u00e9t\u00e9 qui vous accompagne sur vos travaux de r\u00e9novation : toiture, isolation, pl\u00e2tre, ma\u00e7onnerie, r\u00e9novation\" \/>\n<meta name=\"robots\" content=\"index, follow, max-snippet:-1, max-image-preview:large, max-video-preview:-1\" \/>\n<link rel=\"canonical\" href=\"https:\/\/paul-lagrenee.com\/index.php\/home\/qui-sommes-nous\/\" \/>\n<meta property=\"og:locale\" content=\"fr_FR\" \/>\n<meta property=\"og:type\" content=\"article\" \/>\n<meta property=\"og:title\" content=\"Qui sommes-nous ? - Paul Lagrenee Artisan\" \/>\n<meta property=\"og:description\" content=\"Paul Lagrenee Artisan est une soci\u00e9t\u00e9 qui vous accompagne sur vos travaux de r\u00e9novation : toiture, isolation, pl\u00e2tre, ma\u00e7onnerie, r\u00e9novation\" \/>\n<meta property=\"og:url\" content=\"https:\/\/paul-lagrenee.com\/index.php\/home\/qui-sommes-nous\/\" \/>\n<meta property=\"og:site_name\" content=\"Paul Lagrenee Artisan\" \/>\n<meta property=\"article:modified_time\" content=\"2022-12-22T12:50:03+00:00\" \/>\n<meta property=\"og:image\" content=\"https:\/\/paul-lagrenee.com\/wp-content\/uploads\/2022\/12\/300x300-logo-noir.png\" \/>\n\t<meta property=\"og:image:width\" content=\"300\" \/>\n\t<meta property=\"og:image:height\" content=\"300\" \/>\n\t<meta property=\"og:image:type\" content=\"image\/png\" \/>\n<meta name=\"twitter:card\" content=\"summary_large_image\" \/>\n<meta name=\"twitter:label1\" content=\"Dur\u00e9e de lecture estim\u00e9e\" \/>\n\t<meta name=\"twitter:data1\" content=\"3 minutes\" \/>\n<script type=\"application\/ld+json\" class=\"yoast-schema-graph\">{\"@context\":\"https:\/\/schema.org\",\"@graph\":[{\"@type\":\"WebPage\",\"@id\":\"https:\/\/paul-lagrenee.com\/index.php\/home\/qui-sommes-nous\/\",\"url\":\"https:\/\/paul-lagrenee.com\/index.php\/home\/qui-sommes-nous\/\",\"name\":\"Qui sommes-nous ? - Paul Lagrenee Artisan\",\"isPartOf\":{\"@id\":\"https:\/\/paul-lagrenee.com\/#website\"},\"datePublished\":\"2016-06-29T22:08:23+00:00\",\"dateModified\":\"2022-12-22T12:50:03+00:00\",\"description\":\"Paul Lagrenee Artisan est une soci\u00e9t\u00e9 qui vous accompagne sur vos travaux de r\u00e9novation : toiture, isolation, pl\u00e2tre, ma\u00e7onnerie, r\u00e9novation\",\"breadcrumb\":{\"@id\":\"https:\/\/paul-lagrenee.com\/index.php\/home\/qui-sommes-nous\/#breadcrumb\"},\"inLanguage\":\"fr-FR\",\"potentialAction\":[{\"@type\":\"ReadAction\",\"target\":[\"https:\/\/paul-lagrenee.com\/index.php\/home\/qui-sommes-nous\/\"]}]},{\"@type\":\"BreadcrumbList\",\"@id\":\"https:\/\/paul-lagrenee.com\/index.php\/home\/qui-sommes-nous\/#breadcrumb\",\"itemListElement\":[{\"@type\":\"ListItem\",\"position\":1,\"name\":\"Accueil\",\"item\":\"https:\/\/paul-lagrenee.com\/\"},{\"@type\":\"ListItem\",\"position\":2,\"name\":\"Paul Lagrenee Artisan\",\"item\":\"https:\/\/paul-lagrenee.com\/\"},{\"@type\":\"ListItem\",\"position\":3,\"name\":\"Qui sommes-nous ?\"}]},{\"@type\":\"WebSite\",\"@id\":\"https:\/\/paul-lagrenee.com\/#website\",\"url\":\"https:\/\/paul-lagrenee.com\/\",\"name\":\"Paul Lagrenee Artisan\",\"description\":\"Artisan de vos projets de travaux\",\"potentialAction\":[{\"@type\":\"SearchAction\",\"target\":{\"@type\":\"EntryPoint\",\"urlTemplate\":\"https:\/\/paul-lagrenee.com\/?s={search_term_string}\"},\"query-input\":\"required name=search_term_string\"}],\"inLanguage\":\"fr-FR\"}]}<\/script>\n<!-- \/ Yoast SEO plugin. -->","yoast_head_json":{"title":"Qui sommes-nous ? - Paul Lagrenee Artisan","description":"Paul Lagrenee Artisan est une soci\u00e9t\u00e9 qui vous accompagne sur vos travaux de r\u00e9novation : toiture, isolation, pl\u00e2tre, ma\u00e7onnerie, r\u00e9novation","robots":{"index":"index","follow":"follow","max-snippet":"max-snippet:-1","max-image-preview":"max-image-preview:large","max-video-preview":"max-video-preview:-1"},"canonical":"https:\/\/paul-lagrenee.com\/index.php\/home\/qui-sommes-nous\/","og_locale":"fr_FR","og_type":"article","og_title":"Qui sommes-nous ? - Paul Lagrenee Artisan","og_description":"Paul Lagrenee Artisan est une soci\u00e9t\u00e9 qui vous accompagne sur vos travaux de r\u00e9novation : toiture, isolation, pl\u00e2tre, ma\u00e7onnerie, r\u00e9novation","og_url":"https:\/\/paul-lagrenee.com\/index.php\/home\/qui-sommes-nous\/","og_site_name":"Paul Lagrenee Artisan","article_modified_time":"2022-12-22T12:50:03+00:00","og_image":[{"width":300,"height":300,"url":"https:\/\/paul-lagrenee.com\/wp-content\/uploads\/2022\/12\/300x300-logo-noir.png","type":"image\/png"}],"twitter_card":"summary_large_image","twitter_misc":{"Dur\u00e9e de lecture estim\u00e9e":"3 minutes"},"schema":{"@context":"https:\/\/schema.org","@graph":[{"@type":"WebPage","@id":"https:\/\/paul-lagrenee.com\/index.php\/home\/qui-sommes-nous\/","url":"https:\/\/paul-lagrenee.com\/index.php\/home\/qui-sommes-nous\/","name":"Qui sommes-nous ? - Paul Lagrenee Artisan","isPartOf":{"@id":"https:\/\/paul-lagrenee.com\/#website"},"datePublished":"2016-06-29T22:08:23+00:00","dateModified":"2022-12-22T12:50:03+00:00","description":"Paul Lagrenee Artisan est une soci\u00e9t\u00e9 qui vous accompagne sur vos travaux de r\u00e9novation : toiture, isolation, pl\u00e2tre, ma\u00e7onnerie, r\u00e9novation","breadcrumb":{"@id":"https:\/\/paul-lagrenee.com\/index.php\/home\/qui-sommes-nous\/#breadcrumb"},"inLanguage":"fr-FR","potentialAction":[{"@type":"ReadAction","target":["https:\/\/paul-lagrenee.com\/index.php\/home\/qui-sommes-nous\/"]}]},{"@type":"BreadcrumbList","@id":"https:\/\/paul-lagrenee.com\/index.php\/home\/qui-sommes-nous\/#breadcrumb","itemListElement":[{"@type":"ListItem","position":1,"name":"Accueil","item":"https:\/\/paul-lagrenee.com\/"},{"@type":"ListItem","position":2,"name":"Paul Lagrenee Artisan","item":"https:\/\/paul-lagrenee.com\/"},{"@type":"ListItem","position":3,"name":"Qui sommes-nous ?"}]},{"@type":"WebSite","@id":"https:\/\/paul-lagrenee.com\/#website","url":"https:\/\/paul-lagrenee.com\/","name":"Paul Lagrenee Artisan","description":"Artisan de vos projets de travaux","potentialAction":[{"@type":"SearchAction","target":{"@type":"EntryPoint","urlTemplate":"https:\/\/paul-lagrenee.com\/?s={search_term_string}"},"query-input":"required name=search_term_string"}],"inLanguage":"fr-FR"}]}},"_links":{"self":[{"href":"https:\/\/paul-lagrenee.com\/index.php\/wp-json\/wp\/v2\/pages\/225","targetHints":{"allow":["GET"]}}],"collection":[{"href":"https:\/\/paul-lagrenee.com\/index.php\/wp-json\/wp\/v2\/pages"}],"about":[{"href":"https:\/\/paul-lagrenee.com\/index.php\/wp-json\/wp\/v2\/types\/page"}],"author":[{"embeddable":true,"href":"https:\/\/paul-lagrenee.com\/index.php\/wp-json\/wp\/v2\/users\/1"}],"replies":[{"embeddable":true,"href":"https:\/\/paul-lagrenee.com\/index.php\/wp-json\/wp\/v2\/comments?post=225"}],"version-history":[{"count":9,"href":"https:\/\/paul-lagrenee.com\/index.php\/wp-json\/wp\/v2\/pages\/225\/revisions"}],"predecessor-version":[{"id":3092,"href":"https:\/\/paul-lagrenee.com\/index.php\/wp-json\/wp\/v2\/pages\/225\/revisions\/3092"}],"up":[{"embeddable":true,"href":"https:\/\/paul-lagrenee.com\/index.php\/wp-json\/wp\/v2\/pages\/69"}],"wp:featuredmedia":[{"embeddable":true,"href":"https:\/\/paul-lagrenee.com\/index.php\/wp-json\/wp\/v2\/media\/7"}],"wp:attachment":[{"href":"https:\/\/paul-lagrenee.com\/index.php\/wp-json\/wp\/v2\/media?parent=225"}],"curies":[{"name":"wp","href":"https:\/\/api.w.org\/{rel}","templated":true}]}}