{"id":241,"date":"2016-06-29T22:16:08","date_gmt":"2016-06-29T22:16:08","guid":{"rendered":"http:\/\/beta.unitedthemes.com\/brooklyn\/?page_id=241"},"modified":"2022-12-22T15:04:59","modified_gmt":"2022-12-22T14:04:59","slug":"contact","status":"publish","type":"page","link":"https:\/\/paul-lagrenee.com\/index.php\/home\/contact\/","title":{"rendered":"Contactez-nous"},"content":{"rendered":"<p>[vc_section css=\u00a0\u00bb.vc_custom_1657013188173{padding-bottom: 0px !important;}\u00a0\u00bb][vc_row css=\u00a0\u00bb.vc_custom_1467823960306{margin-bottom: 60px !important;}\u00a0\u00bb][vc_column width=\u00a0\u00bb1\/2&Prime;]<style type=\"text\/css\">#ut_custom_heading69e1d16ddc703 { font-size:15px !important; }#ut_custom_heading69e1d16ddc703 { text-align:left; }@media (min-width: 768px) and (max-width: 1024px) { #ut_custom_heading69e1d16ddc703 { text-align:left; } }@media (max-width: 767px) { #ut_custom_heading69e1d16ddc703 { text-align:left; } }<\/style><h3 id=\"ut_custom_heading69e1d16ddc703\" data-responsive-font=\"h3\" data-responsive-font-settings=\"{&quot;base-font-size&quot;:&quot;global&quot;,&quot;font-size&quot;:{&quot;desktop_large&quot;:&quot;15&quot;},&quot;base-line-height&quot;:&quot;global&quot;,&quot;base-letter-spacing&quot;:&quot;global&quot;}\" class=\"ut-custom-heading-module  \" ><span class=\"\" >Company Information<\/span><\/h3>[vc_column_text]Notre \u00e9quipe se d\u00e9place chez vous pour r\u00e9aliser des devis gratuits pour tous vos travaux de <a href=\"https:\/\/paul-lagrenee.com\/index.php\/2022\/12\/22\/peinture-facade-mitoyenne-a-toulouse\/\">peinture de fa\u00e7ade<\/a> , de toiture, d&rsquo;isolations de combles, de ma\u00e7onnerie ou de pl\u00e2tre.[\/vc_column_text][vc_column_text]Vous souhaitez nous envoyer un email ?<\/p>\n<p><a href=\"mailto:contact@paul-lagrenee.com\" target=\"_blank\" rel=\"noopener\">contact@paul-lagrenee.com<\/a>[\/vc_column_text][\/vc_column][vc_column width=\u00a0\u00bb1\/2&Prime;]<style type=\"text\/css\">#ut_custom_heading69e1d16dde696 { font-size:15px !important; }#ut_custom_heading69e1d16dde696 { text-align:left; }@media (min-width: 768px) and (max-width: 1024px) { #ut_custom_heading69e1d16dde696 { text-align:left; } }@media (max-width: 767px) { #ut_custom_heading69e1d16dde696 { text-align:left; } }<\/style><h3 id=\"ut_custom_heading69e1d16dde696\" data-responsive-font=\"h3\" data-responsive-font-settings=\"{&quot;base-font-size&quot;:&quot;global&quot;,&quot;font-size&quot;:{&quot;desktop_large&quot;:&quot;15&quot;},&quot;base-line-height&quot;:&quot;global&quot;,&quot;base-letter-spacing&quot;:&quot;global&quot;}\" class=\"ut-custom-heading-module  \" ><span class=\"\" >Remplissez ce formulaire pour que l&rsquo;on vous contacte dans les 24h.<\/span><\/h3><div id=\"ut_cf7_colors_69e1d16dde6c4\" class=\"wpb_content_element ut-cf7-dark-skin \"><div class=\"wpcf7 no-js\" id=\"wpcf7-f3006-o1\" lang=\"en-US\" dir=\"ltr\">\n<div class=\"screen-reader-response\"><p role=\"status\" aria-live=\"polite\" aria-atomic=\"true\"><\/p> <ul><\/ul><\/div>\n<form action=\"\/index.php\/wp-json\/wp\/v2\/pages\/241#wpcf7-f3006-o1\" method=\"post\" class=\"wpcf7-form init\" aria-label=\"Contact form\" novalidate=\"novalidate\" data-status=\"init\">\n<div style=\"display: none;\">\n<input type=\"hidden\" name=\"_wpcf7\" value=\"3006\" \/>\n<input type=\"hidden\" name=\"_wpcf7_version\" value=\"5.7.2\" \/>\n<input type=\"hidden\" name=\"_wpcf7_locale\" value=\"en_US\" \/>\n<input type=\"hidden\" name=\"_wpcf7_unit_tag\" value=\"wpcf7-f3006-o1\" \/>\n<input type=\"hidden\" name=\"_wpcf7_container_post\" value=\"0\" \/>\n<input type=\"hidden\" name=\"_wpcf7_posted_data_hash\" value=\"\" \/>\n<\/div>\n<p><label> Nom & pr\u00e9nom*<br \/>\n<span class=\"wpcf7-form-control-wrap\" data-name=\"your-name\"><input size=\"40\" class=\"wpcf7-form-control wpcf7-text wpcf7-validates-as-required\" aria-required=\"true\" aria-invalid=\"false\" value=\"\" type=\"text\" name=\"your-name\" \/><\/span> <\/label>\n<\/p>\n<p><label> Adresse e-mail*<br \/>\n<span class=\"wpcf7-form-control-wrap\" data-name=\"email\"><input size=\"40\" class=\"wpcf7-form-control wpcf7-text wpcf7-email wpcf7-validates-as-required wpcf7-validates-as-email\" aria-required=\"true\" aria-invalid=\"false\" value=\"\" type=\"email\" name=\"email\" \/><\/span> <\/label>\n<\/p>\n<p><label> Num\u00e9ro de T\u00e9l\u00e9phone<br \/>\n<span class=\"wpcf7-form-control-wrap\" data-name=\"Telephone\"><input size=\"40\" class=\"wpcf7-form-control wpcf7-text wpcf7-tel wpcf7-validates-as-tel\" aria-invalid=\"false\" value=\"00 00 00 00 00\" type=\"tel\" name=\"Telephone\" \/><\/span> <\/label>\n<\/p>\n<p><label> D\u00e9crivez votre besoin :<br \/>\n<span class=\"wpcf7-form-control-wrap\" data-name=\"textarea-542\"><textarea cols=\"40\" rows=\"10\" class=\"wpcf7-form-control wpcf7-textarea wpcf7-validates-as-required\" aria-required=\"true\" aria-invalid=\"false\" name=\"textarea-542\"><\/textarea><\/span> <\/label>\n<\/p>\n<p><input class=\"wpcf7-form-control has-spinner wpcf7-submit\" type=\"submit\" value=\"Envoyer\" \/>\n<\/p><div class=\"wpcf7-response-output\" aria-hidden=\"true\"><\/div><\/form><\/div><\/div>[\/vc_column][\/vc_row][vc_row full_width=\u00a0\u00bbstretch_row_content_no_spaces\u00a0\u00bb][vc_column][vc_gmaps link=\u00a0\u00bb#E-8_JTNDaWZyYW1lJTIwc3JjJTNEJTIyaHR0cHMlM0ElMkYlMkZ3d3cuZ29vZ2xlLmNvbSUyRm1hcHMlMkZlbWJlZCUzRnBiJTNEJTIxMW0xNCUyMTFtOCUyMTFtMyUyMTFkNzQxMzY0LjEwOTE1NTA4MTclMjEyZDAuMTE5MDc2NSUyMTNkNDMuNDYxNTY2OSUyMTNtMiUyMTFpMTAyNCUyMTJpNzY4JTIxNGYxMy4xJTIxM20zJTIxMW0yJTIxMXMweDgyZTI1ZTgxMTU2Mzk0NSUyNTNBMHhmMTMxM2VjZjhiNmNjY2VjJTIxMnNQYXVsJTI1MjBMYWdyZW5lZSUyNTIwQXJ0aXNhbiUyMTVlMCUyMTNtMiUyMTFzZnIlMjEyc2ZyJTIxNHYxNjcxNzE3NzYyODEyJTIxNW0yJTIxMXNmciUyMTJzZnIlMjIlMjB3aWR0aCUzRCUyMjYwMCUyMiUyMGhlaWdodCUzRCUyMjQ1MCUyMiUyMHN0eWxlJTNEJTIyYm9yZGVyJTNBMCUzQiUyMiUyMGFsbG93ZnVsbHNjcmVlbiUzRCUyMiUyMiUyMGxvYWRpbmclM0QlMjJsYXp5JTIyJTIwcmVmZXJyZXJwb2xpY3klM0QlMjJuby1yZWZlcnJlci13aGVuLWRvd25ncmFkZSUyMiUzRSUzQyUyRmlmcmFtZSUzRQ==\u00a0\u00bb title=\u00a0\u00bbPaul Lagrenee : artisan \u00e0 Toulouse et sur la r\u00e9gion Toulousaine\u00a0\u00bb][\/vc_column][\/vc_row][\/vc_section]<\/p>\n","protected":false},"excerpt":{"rendered":"<p>[vc_section css=\u00a0\u00bb.vc_custom_1657013188173{padding-bottom: 0px !important;}\u00a0\u00bb][vc_row css=\u00a0\u00bb.vc_custom_1467823960306{margin-bottom: 60px !important;}\u00a0\u00bb][vc_column width=\u00a0\u00bb1\/2&Prime;][vc_column_text]Notre \u00e9quipe se d\u00e9place chez vous pour r\u00e9aliser des devis gratuits pour tous vos travaux de peinture de fa\u00e7ade , de toiture, d&rsquo;isolations de combles, de ma\u00e7onnerie ou de pl\u00e2tre.[\/vc_column_text][vc_column_text]Vous souhaitez nous envoyer un email ? contact@paul-lagrenee.com[\/vc_column_text][\/vc_column][vc_column width=\u00a0\u00bb1\/2&Prime;][\/vc_column][\/vc_row][vc_row full_width=\u00a0\u00bbstretch_row_content_no_spaces\u00a0\u00bb][vc_column][vc_gmaps link=\u00a0\u00bb#E-8_JTNDaWZyYW1lJTIwc3JjJTNEJTIyaHR0cHMlM0ElMkYlMkZ3d3cuZ29vZ2xlLmNvbSUyRm1hcHMlMkZlbWJlZCUzRnBiJTNEJTIxMW0xNCUyMTFtOCUyMTFtMyUyMTFkNzQxMzY0LjEwOTE1NTA4MTclMjEyZDAuMTE5MDc2NSUyMTNkNDMuNDYxNTY2OSUyMTNtMiUyMTFpMTAyNCUyMTJpNzY4JTIxNGYxMy4xJTIxM20zJTIxMW0yJTIxMXMweDgyZTI1ZTgxMTU2Mzk0NSUyNTNBMHhmMTMxM2VjZjhiNmNjY2VjJTIxMnNQYXVsJTI1MjBMYWdyZW5lZSUyNTIwQXJ0aXNhbiUyMTVlMCUyMTNtMiUyMTFzZnIlMjEyc2ZyJTIxNHYxNjcxNzE3NzYyODEyJTIxNW0yJTIxMXNmciUyMTJzZnIlMjIlMjB3aWR0aCUzRCUyMjYwMCUyMiUyMGhlaWdodCUzRCUyMjQ1MCUyMiUyMHN0eWxlJTNEJTIyYm9yZGVyJTNBMCUzQiUyMiUyMGFsbG93ZnVsbHNjcmVlbiUzRCUyMiUyMiUyMGxvYWRpbmclM0QlMjJsYXp5JTIyJTIwcmVmZXJyZXJwb2xpY3klM0QlMjJuby1yZWZlcnJlci13aGVuLWRvd25ncmFkZSUyMiUzRSUzQyUyRmlmcmFtZSUzRQ==\u00a0\u00bb title=\u00a0\u00bbPaul Lagrenee : artisan \u00e0 Toulouse et sur [&hellip;]<\/p>\n","protected":false},"author":1,"featured_media":0,"parent":69,"menu_order":0,"comment_status":"closed","ping_status":"closed","template":"","meta":{"footnotes":""},"class_list":["post-241","page","type-page","status-publish","hentry"],"yoast_head":"<!-- This site is optimized with the Yoast SEO plugin v19.13 - https:\/\/yoast.com\/wordpress\/plugins\/seo\/ -->\n<title>Contactez-nous - Paul Lagrenee Artisan<\/title>\n<meta name=\"description\" content=\"Contactez-nous pour obtenir des informations sur nos chantiers ou pour un devis gratuit. 100% de nos devis sont gratuits.\" \/>\n<meta name=\"robots\" content=\"index, follow, max-snippet:-1, max-image-preview:large, max-video-preview:-1\" \/>\n<link rel=\"canonical\" href=\"https:\/\/paul-lagrenee.com\/index.php\/home\/contact\/\" \/>\n<meta property=\"og:locale\" content=\"fr_FR\" \/>\n<meta property=\"og:type\" content=\"article\" \/>\n<meta property=\"og:title\" content=\"Contactez-nous - Paul Lagrenee Artisan\" \/>\n<meta property=\"og:description\" content=\"Contactez-nous pour obtenir des informations sur nos chantiers ou pour un devis gratuit. 100% de nos devis sont gratuits.\" \/>\n<meta property=\"og:url\" content=\"https:\/\/paul-lagrenee.com\/index.php\/home\/contact\/\" \/>\n<meta property=\"og:site_name\" content=\"Paul Lagrenee Artisan\" \/>\n<meta property=\"article:modified_time\" content=\"2022-12-22T14:04:59+00:00\" \/>\n<meta name=\"twitter:card\" content=\"summary_large_image\" \/>\n<meta name=\"twitter:label1\" content=\"Dur\u00e9e de lecture estim\u00e9e\" \/>\n\t<meta name=\"twitter:data1\" content=\"1 minute\" \/>\n<script type=\"application\/ld+json\" class=\"yoast-schema-graph\">{\"@context\":\"https:\/\/schema.org\",\"@graph\":[{\"@type\":\"WebPage\",\"@id\":\"https:\/\/paul-lagrenee.com\/index.php\/home\/contact\/\",\"url\":\"https:\/\/paul-lagrenee.com\/index.php\/home\/contact\/\",\"name\":\"Contactez-nous - Paul Lagrenee Artisan\",\"isPartOf\":{\"@id\":\"https:\/\/paul-lagrenee.com\/#website\"},\"datePublished\":\"2016-06-29T22:16:08+00:00\",\"dateModified\":\"2022-12-22T14:04:59+00:00\",\"description\":\"Contactez-nous pour obtenir des informations sur nos chantiers ou pour un devis gratuit. 100% de nos devis sont gratuits.\",\"breadcrumb\":{\"@id\":\"https:\/\/paul-lagrenee.com\/index.php\/home\/contact\/#breadcrumb\"},\"inLanguage\":\"fr-FR\",\"potentialAction\":[{\"@type\":\"ReadAction\",\"target\":[\"https:\/\/paul-lagrenee.com\/index.php\/home\/contact\/\"]}]},{\"@type\":\"BreadcrumbList\",\"@id\":\"https:\/\/paul-lagrenee.com\/index.php\/home\/contact\/#breadcrumb\",\"itemListElement\":[{\"@type\":\"ListItem\",\"position\":1,\"name\":\"Accueil\",\"item\":\"https:\/\/paul-lagrenee.com\/\"},{\"@type\":\"ListItem\",\"position\":2,\"name\":\"Paul Lagrenee Artisan\",\"item\":\"https:\/\/paul-lagrenee.com\/\"},{\"@type\":\"ListItem\",\"position\":3,\"name\":\"Contactez-nous\"}]},{\"@type\":\"WebSite\",\"@id\":\"https:\/\/paul-lagrenee.com\/#website\",\"url\":\"https:\/\/paul-lagrenee.com\/\",\"name\":\"Paul Lagrenee Artisan\",\"description\":\"Artisan de vos projets de travaux\",\"potentialAction\":[{\"@type\":\"SearchAction\",\"target\":{\"@type\":\"EntryPoint\",\"urlTemplate\":\"https:\/\/paul-lagrenee.com\/?s={search_term_string}\"},\"query-input\":\"required name=search_term_string\"}],\"inLanguage\":\"fr-FR\"}]}<\/script>\n<!-- \/ Yoast SEO plugin. -->","yoast_head_json":{"title":"Contactez-nous - Paul Lagrenee Artisan","description":"Contactez-nous pour obtenir des informations sur nos chantiers ou pour un devis gratuit. 100% de nos devis sont gratuits.","robots":{"index":"index","follow":"follow","max-snippet":"max-snippet:-1","max-image-preview":"max-image-preview:large","max-video-preview":"max-video-preview:-1"},"canonical":"https:\/\/paul-lagrenee.com\/index.php\/home\/contact\/","og_locale":"fr_FR","og_type":"article","og_title":"Contactez-nous - Paul Lagrenee Artisan","og_description":"Contactez-nous pour obtenir des informations sur nos chantiers ou pour un devis gratuit. 100% de nos devis sont gratuits.","og_url":"https:\/\/paul-lagrenee.com\/index.php\/home\/contact\/","og_site_name":"Paul Lagrenee Artisan","article_modified_time":"2022-12-22T14:04:59+00:00","twitter_card":"summary_large_image","twitter_misc":{"Dur\u00e9e de lecture estim\u00e9e":"1 minute"},"schema":{"@context":"https:\/\/schema.org","@graph":[{"@type":"WebPage","@id":"https:\/\/paul-lagrenee.com\/index.php\/home\/contact\/","url":"https:\/\/paul-lagrenee.com\/index.php\/home\/contact\/","name":"Contactez-nous - Paul Lagrenee Artisan","isPartOf":{"@id":"https:\/\/paul-lagrenee.com\/#website"},"datePublished":"2016-06-29T22:16:08+00:00","dateModified":"2022-12-22T14:04:59+00:00","description":"Contactez-nous pour obtenir des informations sur nos chantiers ou pour un devis gratuit. 100% de nos devis sont gratuits.","breadcrumb":{"@id":"https:\/\/paul-lagrenee.com\/index.php\/home\/contact\/#breadcrumb"},"inLanguage":"fr-FR","potentialAction":[{"@type":"ReadAction","target":["https:\/\/paul-lagrenee.com\/index.php\/home\/contact\/"]}]},{"@type":"BreadcrumbList","@id":"https:\/\/paul-lagrenee.com\/index.php\/home\/contact\/#breadcrumb","itemListElement":[{"@type":"ListItem","position":1,"name":"Accueil","item":"https:\/\/paul-lagrenee.com\/"},{"@type":"ListItem","position":2,"name":"Paul Lagrenee Artisan","item":"https:\/\/paul-lagrenee.com\/"},{"@type":"ListItem","position":3,"name":"Contactez-nous"}]},{"@type":"WebSite","@id":"https:\/\/paul-lagrenee.com\/#website","url":"https:\/\/paul-lagrenee.com\/","name":"Paul Lagrenee Artisan","description":"Artisan de vos projets de travaux","potentialAction":[{"@type":"SearchAction","target":{"@type":"EntryPoint","urlTemplate":"https:\/\/paul-lagrenee.com\/?s={search_term_string}"},"query-input":"required name=search_term_string"}],"inLanguage":"fr-FR"}]}},"_links":{"self":[{"href":"https:\/\/paul-lagrenee.com\/index.php\/wp-json\/wp\/v2\/pages\/241","targetHints":{"allow":["GET"]}}],"collection":[{"href":"https:\/\/paul-lagrenee.com\/index.php\/wp-json\/wp\/v2\/pages"}],"about":[{"href":"https:\/\/paul-lagrenee.com\/index.php\/wp-json\/wp\/v2\/types\/page"}],"author":[{"embeddable":true,"href":"https:\/\/paul-lagrenee.com\/index.php\/wp-json\/wp\/v2\/users\/1"}],"replies":[{"embeddable":true,"href":"https:\/\/paul-lagrenee.com\/index.php\/wp-json\/wp\/v2\/comments?post=241"}],"version-history":[{"count":8,"href":"https:\/\/paul-lagrenee.com\/index.php\/wp-json\/wp\/v2\/pages\/241\/revisions"}],"predecessor-version":[{"id":3133,"href":"https:\/\/paul-lagrenee.com\/index.php\/wp-json\/wp\/v2\/pages\/241\/revisions\/3133"}],"up":[{"embeddable":true,"href":"https:\/\/paul-lagrenee.com\/index.php\/wp-json\/wp\/v2\/pages\/69"}],"wp:attachment":[{"href":"https:\/\/paul-lagrenee.com\/index.php\/wp-json\/wp\/v2\/media?parent=241"}],"curies":[{"name":"wp","href":"https:\/\/api.w.org\/{rel}","templated":true}]}}